{"id":2848,"date":"2021-08-14T16:19:18","date_gmt":"2021-08-14T13:19:18","guid":{"rendered":"https:\/\/camhare.com\/?page_id=2848"},"modified":"2021-08-22T16:36:30","modified_gmt":"2021-08-22T13:36:30","slug":"homeeng","status":"publish","type":"page","link":"https:\/\/camhare.com\/en\/homeeng\/","title":{"rendered":"HomeEng"},"content":{"rendered":"\t\t<div data-elementor-type=\"wp-page\" data-elementor-id=\"2848\" class=\"elementor elementor-2848 elementor-2\" data-elementor-post-type=\"page\">\n\t\t\t\t\t\t<div class=\"elementor-section elementor-top-section elementor-element elementor-element-bc3dc0d elementor-section-full_width elementor-section-height-default elementor-section-height-default\" data-id=\"bc3dc0d\" data-element_type=\"section\" data-e-type=\"section\" id=\"cmhr-home-slider\" data-settings=\"{&quot;background_background&quot;:&quot;classic&quot;}\">\r\n\t\t\t\t\t\t<div class=\"elementor-container owl-carousel owl-simple owl-nav-inside c-xs-1 c-sm-0 c-lg-1 sp-0 elementor-column-gap-no\" data-toggle=owl data-owl-options = {&quot;margin&quot;:0,&quot;loop&quot;:true,&quot;autoplay&quot;:true,&quot;center&quot;:false,&quot;autoplayTimeout&quot;:5000,&quot;autoHeight&quot;:false,&quot;animateIn&quot;:&quot;&quot;,&quot;animateOut&quot;:&quot;&quot;,&quot;responsive&quot;:{&quot;0&quot;:{&quot;items&quot;:1,&quot;nav&quot;:false,&quot;dots&quot;:false},&quot;576&quot;:{&quot;items&quot;:0,&quot;nav&quot;:false,&quot;dots&quot;:false},&quot;768&quot;:{&quot;items&quot;:0,&quot;nav&quot;:false,&quot;dots&quot;:false},&quot;992&quot;:{&quot;items&quot;:1,&quot;nav&quot;:true,&quot;dots&quot;:true},&quot;1200&quot;:{&quot;items&quot;:1,&quot;nav&quot;:true,&quot;dots&quot;:true},&quot;1600&quot;:{&quot;items&quot;:1,&quot;nav&quot;:true,&quot;dots&quot;:true}}}>\r\n\t\t\t\t\t\t\t\t\r\n\t\t\t\t\r\n\t\t\t\t\t\t\t\t<div class=\"elementor-column elementor-col-25 elementor-top-column elementor-element elementor-element-efada06\" data-id=\"efada06\" data-element_type=\"column\" data-e-type=\"column\" data-settings=\"{&quot;background_background&quot;:&quot;classic&quot;}\">\n\t\t\t<div class=\"elementor-widget-wrap elementor-element-populated\">\n\t\t\t\t\t\t<div class=\"elementor-element elementor-element-9e8fdf5 elementor-widget elementor-widget-molla_banner elementor-widget-molla_stretch_banner\" data-id=\"9e8fdf5\" data-element_type=\"widget\" data-e-type=\"widget\" data-settings=\"{&quot;banner_background_background&quot;:&quot;classic&quot;}\" data-widget_type=\"molla_banner.default\">\r\n\t\t\t\t<div class=\"elementor-widget-container\">\n\t\t\t\t\t<div class=\"banner stretch-banner\"><div class=\"banner-content\"><div class=\"banner-content-inner t-x-center t-y-center\"><h3 class=\"banner-elem elementor-repeater-item-heading item-block text\"><\/h3><\/div><\/div><\/div>\t\t\t\t<\/div>\n\t\t\t\t<\/div>\n\t\t\t\t\t<\/div>\n\t\t<\/div>\n\t\t\t\t<div class=\"elementor-column elementor-col-25 elementor-top-column elementor-element elementor-element-131bfd8\" data-id=\"131bfd8\" data-element_type=\"column\" data-e-type=\"column\" data-settings=\"{&quot;background_background&quot;:&quot;classic&quot;}\">\n\t\t\t<div class=\"elementor-widget-wrap elementor-element-populated\">\n\t\t\t\t\t\t<div class=\"elementor-element elementor-element-bf93a07 elementor-widget elementor-widget-molla_banner elementor-widget-molla_stretch_banner\" data-id=\"bf93a07\" data-element_type=\"widget\" data-e-type=\"widget\" data-settings=\"{&quot;banner_background_background&quot;:&quot;classic&quot;}\" data-widget_type=\"molla_banner.default\">\r\n\t\t\t\t<div class=\"elementor-widget-container\">\n\t\t\t\t\t<div class=\"banner stretch-banner\"><div class=\"banner-content\"><div class=\"banner-content-inner t-x-center t-y-center\"><h3 class=\"banner-elem elementor-repeater-item-heading item-block text\"><\/h3><\/div><\/div><\/div>\t\t\t\t<\/div>\n\t\t\t\t<\/div>\n\t\t\t\t\t<\/div>\n\t\t<\/div>\n\t\t\t\t<div class=\"elementor-column elementor-col-25 elementor-top-column elementor-element elementor-element-6ffd20b\" data-id=\"6ffd20b\" data-element_type=\"column\" data-e-type=\"column\" data-settings=\"{&quot;background_background&quot;:&quot;classic&quot;}\">\n\t\t\t<div class=\"elementor-widget-wrap elementor-element-populated\">\n\t\t\t\t\t\t<div class=\"elementor-element elementor-element-9054750 elementor-widget elementor-widget-molla_banner elementor-widget-molla_stretch_banner\" data-id=\"9054750\" data-element_type=\"widget\" data-e-type=\"widget\" data-settings=\"{&quot;banner_background_background&quot;:&quot;classic&quot;}\" data-widget_type=\"molla_banner.default\">\r\n\t\t\t\t<div class=\"elementor-widget-container\">\n\t\t\t\t\t<div class=\"banner stretch-banner\"><div class=\"banner-content\"><div class=\"banner-content-inner t-x-center t-y-center\"><h3 class=\"banner-elem elementor-repeater-item-heading item-block text\"><\/h3><\/div><\/div><\/div>\t\t\t\t<\/div>\n\t\t\t\t<\/div>\n\t\t\t\t\t<\/div>\n\t\t<\/div>\n\t\t\t\t<div class=\"elementor-column elementor-col-25 elementor-top-column elementor-element elementor-element-cc2890c\" data-id=\"cc2890c\" data-element_type=\"column\" data-e-type=\"column\" data-settings=\"{&quot;background_background&quot;:&quot;classic&quot;}\">\n\t\t\t<div class=\"elementor-widget-wrap elementor-element-populated\">\n\t\t\t\t\t\t<div class=\"elementor-element elementor-element-cc07383 elementor-widget elementor-widget-molla_banner elementor-widget-molla_stretch_banner\" data-id=\"cc07383\" data-element_type=\"widget\" data-e-type=\"widget\" data-settings=\"{&quot;banner_background_background&quot;:&quot;classic&quot;}\" data-widget_type=\"molla_banner.default\">\r\n\t\t\t\t<div class=\"elementor-widget-container\">\n\t\t\t\t\t<div class=\"banner stretch-banner\"><div class=\"banner-content\"><div class=\"banner-content-inner t-x-center t-y-center\"><h3 class=\"banner-elem elementor-repeater-item-heading item-block text\"><\/h3><\/div><\/div><\/div>\t\t\t\t<\/div>\n\t\t\t\t<\/div>\n\t\t\t\t\t<\/div>\n\t\t<\/div>\n\t\t\r\n\t\t\t\t\t\t\t\t\t\t<\/div>\r\n\t\t<\/div>\r\n\t\t\t\t<div class=\"elementor-section elementor-top-section elementor-element elementor-element-5735e76 elementor-section-full_width elementor-section-height-default elementor-section-height-default\" data-id=\"5735e76\" data-element_type=\"section\" data-e-type=\"section\" data-settings=\"{&quot;background_background&quot;:&quot;classic&quot;}\">\r\n\t\t\t\t\t\t<div class=\"elementor-container elementor-column-gap-default\">\r\n\t\t\t\t\t\t\t\t\r\n\t\t\t\t\r\n\t\t\t\t\t\t\t\t<div class=\"elementor-column elementor-col-100 elementor-top-column elementor-element elementor-element-53ac091\" data-id=\"53ac091\" data-element_type=\"column\" data-e-type=\"column\">\n\t\t\t<div class=\"elementor-widget-wrap elementor-element-populated\">\n\t\t\t\t\t\t<section class=\"elementor-section elementor-inner-section elementor-element elementor-element-0abb717 elementor-section-full_width elementor-section-height-default elementor-section-height-default\" data-id=\"0abb717\" data-element_type=\"section\" data-e-type=\"section\">\r\n\t\t\t\t\t\t<div class=\"elementor-container elementor-column-gap-default\">\r\n\t\t\t\t\t\t\t\t\r\n\t\t\t\t\r\n\t\t\t\t\t\t\t\t<div class=\"elementor-column elementor-col-33 elementor-inner-column elementor-element elementor-element-8ccdc7a\" data-id=\"8ccdc7a\" data-element_type=\"column\" data-e-type=\"column\">\n\t\t\t<div class=\"elementor-widget-wrap elementor-element-populated\">\n\t\t\t\t\t\t<div class=\"elementor-element elementor-element-b7e23ef elementor-widget elementor-widget-molla_banner elementor-widget-molla_stretch_banner\" data-id=\"b7e23ef\" data-element_type=\"widget\" data-e-type=\"widget\" data-settings=\"{&quot;banner_background_background&quot;:&quot;classic&quot;}\" data-widget_type=\"molla_banner.default\">\r\n\t\t\t\t<div class=\"elementor-widget-container\">\n\t\t\t\t\t<div class=\"banner stretch-banner\"><div class=\"banner-content\"><div class=\"banner-content-inner t-x-center t-y-center\"><a href=\"https:\/\/camhare.com\/product\/lale\/\" class=\"banner-elem elementor-repeater-item-button item-inline btn elementor-button btn-light btn-md btn-outline icon-after\"><span >Ke\u015ffet<\/span><i class=\"fas fa-long-arrow-alt-right\"><\/i><\/a><\/div><\/div><\/div>\t\t\t\t<\/div>\n\t\t\t\t<\/div>\n\t\t\t\t\t<\/div>\n\t\t<\/div>\n\t\t\t\t<div class=\"elementor-column elementor-col-33 elementor-inner-column elementor-element elementor-element-d1f636a\" data-id=\"d1f636a\" data-element_type=\"column\" data-e-type=\"column\">\n\t\t\t<div class=\"elementor-widget-wrap elementor-element-populated\">\n\t\t\t\t\t\t<div class=\"elementor-element elementor-element-5b66afb elementor-widget elementor-widget-molla_banner elementor-widget-molla_stretch_banner\" data-id=\"5b66afb\" data-element_type=\"widget\" data-e-type=\"widget\" data-settings=\"{&quot;banner_background_background&quot;:&quot;classic&quot;}\" data-widget_type=\"molla_banner.default\">\r\n\t\t\t\t<div class=\"elementor-widget-container\">\n\t\t\t\t\t<div class=\"banner stretch-banner\"><div class=\"banner-content\"><div class=\"banner-content-inner t-x-center t-y-center\"><a href=\"https:\/\/camhare.com\/product\/cennetin-kapisi\/\" class=\"banner-elem elementor-repeater-item-button item-inline btn elementor-button btn-light btn-sm btn-outline btn-round icon-\"><span >\u00dcr\u00fcn\u00fc \u0130ncele<\/span><\/a><\/div><\/div><\/div>\t\t\t\t<\/div>\n\t\t\t\t<\/div>\n\t\t\t\t\t<\/div>\n\t\t<\/div>\n\t\t\t\t<div class=\"elementor-column elementor-col-33 elementor-inner-column elementor-element elementor-element-aeb4abe\" data-id=\"aeb4abe\" data-element_type=\"column\" data-e-type=\"column\">\n\t\t\t<div class=\"elementor-widget-wrap elementor-element-populated\">\n\t\t\t\t\t\t<div class=\"elementor-element elementor-element-aae152e elementor-widget elementor-widget-molla_banner elementor-widget-molla_stretch_banner\" data-id=\"aae152e\" data-element_type=\"widget\" data-e-type=\"widget\" data-settings=\"{&quot;banner_background_background&quot;:&quot;classic&quot;}\" data-widget_type=\"molla_banner.default\">\r\n\t\t\t\t<div class=\"elementor-widget-container\">\n\t\t\t\t\t<div class=\"banner stretch-banner\"><div class=\"banner-content\"><div class=\"banner-content-inner t-x-center t-y-center\"><a href=\"https:\/\/camhare.com\/product\/sultanin-hanceri\/\" class=\"banner-elem elementor-repeater-item-button item-inline btn elementor-button btn-light btn-sm btn-outline btn-round icon-\"><span >\u00dcr\u00fcn\u00fc \u0130ncele<\/span><\/a><\/div><\/div><\/div>\t\t\t\t<\/div>\n\t\t\t\t<\/div>\n\t\t\t\t\t<\/div>\n\t\t<\/div>\n\t\t\r\n\t\t\t\t\t\t\t\t\t\t<\/div>\r\n\t\t<\/section>\r\n\t\t\t\t\t<\/div>\n\t\t<\/div>\n\t\t\r\n\t\t\t\t\t\t\t\t\t\t<\/div>\r\n\t\t<\/div>\r\n\t\t\t\t<\/div>\n\t\t","protected":false},"excerpt":{"rendered":"<p>Ke\u015ffet \u00dcr\u00fcn\u00fc \u0130ncele \u00dcr\u00fcn\u00fc \u0130ncele<\/p>\n","protected":false},"author":1,"featured_media":0,"parent":0,"menu_order":0,"comment_status":"closed","ping_status":"closed","template":"page-fullwidth.php","meta":{"footnotes":""},"class_list":["post-2848","page","type-page","status-publish","hentry"],"_links":{"self":[{"href":"https:\/\/camhare.com\/en\/wp-json\/wp\/v2\/pages\/2848","targetHints":{"allow":["GET"]}}],"collection":[{"href":"https:\/\/camhare.com\/en\/wp-json\/wp\/v2\/pages"}],"about":[{"href":"https:\/\/camhare.com\/en\/wp-json\/wp\/v2\/types\/page"}],"author":[{"embeddable":true,"href":"https:\/\/camhare.com\/en\/wp-json\/wp\/v2\/users\/1"}],"replies":[{"embeddable":true,"href":"https:\/\/camhare.com\/en\/wp-json\/wp\/v2\/comments?post=2848"}],"version-history":[{"count":4,"href":"https:\/\/camhare.com\/en\/wp-json\/wp\/v2\/pages\/2848\/revisions"}],"predecessor-version":[{"id":2910,"href":"https:\/\/camhare.com\/en\/wp-json\/wp\/v2\/pages\/2848\/revisions\/2910"}],"wp:attachment":[{"href":"https:\/\/camhare.com\/en\/wp-json\/wp\/v2\/media?parent=2848"}],"curies":[{"name":"wp","href":"https:\/\/api.w.org\/{rel}","templated":true}]}}