{"id":2949,"date":"2021-08-23T23:45:07","date_gmt":"2021-08-23T20:45:07","guid":{"rendered":"https:\/\/camhare.com\/?post_type=product&#038;p=2949"},"modified":"2021-08-23T23:45:08","modified_gmt":"2021-08-23T20:45:08","slug":"cin-temanni","status":"publish","type":"product","link":"https:\/\/camhare.com\/en\/product\/cin-temanni\/","title":{"rendered":"\u00c7\u0130N TEMANN\u0130"},"content":{"rendered":"<p>\u00c7intemani is one of the rare examples from the smanli era to the present day. \u00c7intemani Motifs, which have an important place with the representation of the POWER and FORCE of the period, are specially designed and interpreted on the product.<\/p>\n","protected":false},"excerpt":{"rendered":"<p>\u00c7intemani is one of the rare examples from the smanli era to the present day. \u00c7intemani Motifs, which have an important place with the representation of the POWER and FORCE of the period, are specially designed and interpreted on the product.<\/p>\n","protected":false},"featured_media":0,"comment_status":"open","ping_status":"closed","template":"","meta":[],"product_cat":[142],"product_tag":[153,154],"class_list":{"0":"post-2949","1":"product","2":"type-product","3":"status-publish","5":"product_cat-ottoman-group","6":"product_tag-cin-en","7":"product_tag-temanni-en","9":"first","10":"instock","11":"shipping-taxable","12":"product-type-simple"},"_links":{"self":[{"href":"https:\/\/camhare.com\/en\/wp-json\/wp\/v2\/product\/2949","targetHints":{"allow":["GET"]}}],"collection":[{"href":"https:\/\/camhare.com\/en\/wp-json\/wp\/v2\/product"}],"about":[{"href":"https:\/\/camhare.com\/en\/wp-json\/wp\/v2\/types\/product"}],"replies":[{"embeddable":true,"href":"https:\/\/camhare.com\/en\/wp-json\/wp\/v2\/comments?post=2949"}],"wp:attachment":[{"href":"https:\/\/camhare.com\/en\/wp-json\/wp\/v2\/media?parent=2949"}],"wp:term":[{"taxonomy":"product_cat","embeddable":true,"href":"https:\/\/camhare.com\/en\/wp-json\/wp\/v2\/product_cat?post=2949"},{"taxonomy":"product_tag","embeddable":true,"href":"https:\/\/camhare.com\/en\/wp-json\/wp\/v2\/product_tag?post=2949"}],"curies":[{"name":"wp","href":"https:\/\/api.w.org\/{rel}","templated":true}]}}