{"id":3278,"date":"2021-10-25T09:56:18","date_gmt":"2021-10-25T06:56:18","guid":{"rendered":"https:\/\/camhare.com\/product\/osmanli-toren-kalkani\/"},"modified":"2021-10-26T12:25:19","modified_gmt":"2021-10-26T09:25:19","slug":"osmanli-toren-kalkani","status":"publish","type":"product","link":"https:\/\/camhare.com\/en\/product\/osmanli-toren-kalkani\/","title":{"rendered":"Osmanl\u0131 T\u00f6ren Kalkan\u0131"},"content":{"rendered":"<p><strong>TR<br \/>\n<\/strong>Osmanl\u0131 sava\u015f kalkan\u0131, kar\u015f\u0131 g\u00fc\u00e7 taraf\u0131ndan k\u0131l\u0131\u00e7 m\u0131zrak g\u00fcrz gibi sava\u015f aletleriyle sava\u015f\u00e7\u0131ya gelen sald\u0131r\u0131y\u0131 engellemek ve savurmak ama\u00e7l\u0131 kullan\u0131lan bir savunma arac\u0131d\u0131r. Kalkan m\u00fccadele s\u0131ras\u0131nda elin birini tamamen iptal etmesi, ani sald\u0131r\u0131lar s\u0131ras\u0131nda v\u00fccudun reflekslerini ve belli bir k\u0131sm\u0131n\u0131n hareketini engellemesi, \u00f6zellikle de k\u0131l\u0131c\u0131n kullan\u0131mdan kalkmas\u0131 gibi sebeplerle zaman i\u00e7inde sembolik bir hale gelmi\u015f ve ate\u015fli sil\u00e2hlar\u0131n yayg\u0131nla\u015fmas\u0131ndan sonra i\u015flevini tamamen kaybetmi\u015ftir. Osmanl\u0131 t\u00f6ren kalkan\u0131, 24 ayar alt\u0131n kullan\u0131larak tamamen el i\u015f\u00e7ili\u011fi ile sizin i\u00e7in \u00f6zel olarak s\u0131n\u0131rl\u0131 say\u0131da \u00fcretilmi\u015ftir.<\/p>\n<p><strong>ENG<br \/>\n<\/strong>The Ottoman war shield is a defensive tool used by warriors. It was used to prevent and ward off attacks from weapons such as swords, spears and maces on the warriors. The shield has become symbolic over time due to the fact that one hand gets entirely cancelled out during the struggle. The shield also hinders the reflexes and movement of a certain part of the body during sudden attacks. After the widespread use of firearms, the sword and shield became irrelevant and were no longer used. They had completely lost their functions and over time they became symbolic and were used for those purposes. The Ottoman ceremonial shield was produced exclusively for you in a limited number, using 24-carat gold, entirely by hand.<\/p>\n","protected":false},"excerpt":{"rendered":"<p><strong>TR<br \/>\n<\/strong>Osmanl\u0131 sava\u015f kalkan\u0131, kar\u015f\u0131 g\u00fc\u00e7 taraf\u0131ndan k\u0131l\u0131\u00e7 m\u0131zrak g\u00fcrz gibi sava\u015f aletleriyle sava\u015f\u00e7\u0131ya gelen sald\u0131r\u0131y\u0131 engellemek ve savurmak ama\u00e7l\u0131 kullan\u0131lan bir savunma arac\u0131d\u0131r. Kalkan m\u00fccadele s\u0131ras\u0131nda elin birini tamamen iptal etmesi, ani sald\u0131r\u0131lar s\u0131ras\u0131nda v\u00fccudun reflekslerini ve belli bir k\u0131sm\u0131n\u0131n hareketini engellemesi, \u00f6zellikle de k\u0131l\u0131c\u0131n kullan\u0131mdan kalkmas\u0131 gibi sebeplerle zaman i\u00e7inde sembolik bir hale gelmi\u015f ve ate\u015fli sil\u00e2hlar\u0131n yayg\u0131nla\u015fmas\u0131ndan sonra i\u015flevini tamamen kaybetmi\u015ftir. Osmanl\u0131 t\u00f6ren kalkan\u0131, 24 ayar alt\u0131n kullan\u0131larak tamamen el i\u015f\u00e7ili\u011fi ile sizin i\u00e7in \u00f6zel olarak s\u0131n\u0131rl\u0131 say\u0131da \u00fcretilmi\u015ftir.<\/p>\n<p><strong>ENG<br \/>\n<\/strong>The Ottoman war shield is a defensive tool used by warriors. It was used to prevent and ward off attacks from weapons such as swords, spears and maces on the warriors. The shield has become symbolic over time due to the fact that one hand gets entirely cancelled out during the struggle. The shield also hinders the reflexes and movement of a certain part of the body during sudden attacks. After the widespread use of firearms, the sword and shield became irrelevant and were no longer used. They had completely lost their functions and over time they became symbolic and were used for those purposes. The Ottoman ceremonial shield was produced exclusively for you in a limited number, using 24-carat gold, entirely by hand.<\/p>\n","protected":false},"featured_media":0,"comment_status":"open","ping_status":"closed","template":"","meta":[],"product_cat":[142],"product_tag":[225,224],"class_list":{"0":"post-3278","1":"product","2":"type-product","3":"status-publish","5":"product_cat-ottoman-group","6":"product_tag-kalkan","7":"product_tag-osmanli-toren-kalkani","9":"first","10":"instock","11":"shipping-taxable","12":"product-type-simple"},"_links":{"self":[{"href":"https:\/\/camhare.com\/en\/wp-json\/wp\/v2\/product\/3278","targetHints":{"allow":["GET"]}}],"collection":[{"href":"https:\/\/camhare.com\/en\/wp-json\/wp\/v2\/product"}],"about":[{"href":"https:\/\/camhare.com\/en\/wp-json\/wp\/v2\/types\/product"}],"replies":[{"embeddable":true,"href":"https:\/\/camhare.com\/en\/wp-json\/wp\/v2\/comments?post=3278"}],"wp:attachment":[{"href":"https:\/\/camhare.com\/en\/wp-json\/wp\/v2\/media?parent=3278"}],"wp:term":[{"taxonomy":"product_cat","embeddable":true,"href":"https:\/\/camhare.com\/en\/wp-json\/wp\/v2\/product_cat?post=3278"},{"taxonomy":"product_tag","embeddable":true,"href":"https:\/\/camhare.com\/en\/wp-json\/wp\/v2\/product_tag?post=3278"}],"curies":[{"name":"wp","href":"https:\/\/api.w.org\/{rel}","templated":true}]}}